{"id":4461,"date":"2025-02-21T10:36:35","date_gmt":"2025-02-21T09:36:35","guid":{"rendered":"https:\/\/frederic-wandres.com\/declaration-de-confidentialite\/"},"modified":"2025-09-04T12:52:02","modified_gmt":"2025-09-04T10:52:02","slug":"declaration-de-confidentialite","status":"publish","type":"page","link":"https:\/\/frederic-wandres.com\/fr\/declaration-de-confidentialite\/","title":{"rendered":"D\u00e9claration de confidentialit\u00e9"},"content":{"rendered":"<div class=\"fusion-fullwidth fullwidth-box fusion-builder-row-1 fusion-flex-container nonhundred-percent-fullwidth non-hundred-percent-height-scrolling\" style=\"--awb-border-radius-top-left:0px;--awb-border-radius-top-right:0px;--awb-border-radius-bottom-right:0px;--awb-border-radius-bottom-left:0px;--awb-flex-wrap:wrap;\" ><div class=\"fusion-builder-row fusion-row fusion-flex-align-items-flex-start fusion-flex-content-wrap\" style=\"max-width:1320.8px;margin-left: calc(-4% \/ 2 );margin-right: calc(-4% \/ 2 );\"><div class=\"fusion-layout-column fusion_builder_column fusion-builder-column-0 fusion_builder_column_1_1 1_1 fusion-flex-column\" style=\"--awb-bg-size:cover;--awb-width-large:100%;--awb-margin-top-large:0px;--awb-spacing-right-large:1.92%;--awb-margin-bottom-large:0px;--awb-spacing-left-large:1.92%;--awb-width-medium:100%;--awb-spacing-right-medium:1.92%;--awb-spacing-left-medium:1.92%;--awb-width-small:100%;--awb-spacing-right-small:1.92%;--awb-spacing-left-small:1.92%;\"><div class=\"fusion-column-wrapper fusion-flex-justify-content-flex-start fusion-content-layout-column\"><div class=\"fusion-text fusion-text-1\"><section id=\"datenschutz\">\n<h2 data-fontsize=\"44\" style=\"--fontSize: 44; line-height: 1.26;\" data-lineheight=\"55.44px\" class=\"fusion-responsive-typography-calculated\">D\u00e9claration de confidentialit\u00e9<\/h2>\n<p>Cette d\u00e9claration de protection des donn\u00e9es vous informe sur la nature, l&rsquo;\u00e9tendue et la finalit\u00e9 du traitement des donn\u00e9es personnelles sur ce site web &#8211; conform\u00e9ment au R\u00e8glement g\u00e9n\u00e9ral sur la protection des donn\u00e9es (RGPD) et \u00e0 la loi sur la protection des donn\u00e9es des services num\u00e9riques de t\u00e9l\u00e9communication (TDDDG).<\/p>\n<h3 data-fontsize=\"28\" style=\"--fontSize: 28; line-height: 1.32;\" data-lineheight=\"36.96px\" class=\"fusion-responsive-typography-calculated\">1. responsable<\/h3>\n<p>Fr\u00e9d\u00e9ric Wandres<\/p>\n<p>Am Borgberg 3,\u202849170 Hagen a.T.W.<\/p>\n<p>fredericwandres@icloud.com<\/p>\n<h3 data-fontsize=\"28\" style=\"--fontSize: 28; line-height: 1.32;\" data-lineheight=\"36.96px\" class=\"fusion-responsive-typography-calculated\">2. h\u00e9bergement<\/h3>\n<p>Ce site web est h\u00e9berg\u00e9 par IONOS (1&amp;1 IONOS SE, Elgendorfer Stra\u00dfe 57, 56410 Montabaur). Un contrat de traitement des commandes a \u00e9t\u00e9 conclu avec l&rsquo;h\u00e9bergeur conform\u00e9ment \u00e0 l&rsquo;article 28 du RGPD. <\/p>\n<h3 data-fontsize=\"28\" style=\"--fontSize: 28; line-height: 1.32;\" data-lineheight=\"36.96px\" class=\"fusion-responsive-typography-calculated\">3. donn\u00e9es d&rsquo;acc\u00e8s (fichiers journaux du serveur)<\/h3>\n<p>Lorsque vous visitez ce site, des donn\u00e9es telles que votre adresse IP, la date et l&rsquo;heure d&rsquo;acc\u00e8s, le type de navigateur, le syst\u00e8me d&rsquo;exploitation et d&rsquo;autres informations similaires sont automatiquement collect\u00e9es. Ces donn\u00e9es servent \u00e0 la mise \u00e0 disposition technique du site web et sont automatiquement effac\u00e9es apr\u00e8s 7 jours. <\/p>\n<h3 data-fontsize=\"28\" style=\"--fontSize: 28; line-height: 1.32;\" data-lineheight=\"36.96px\" class=\"fusion-responsive-typography-calculated\">4. formulaire de contact<\/h3>\n<p>Si vous nous contactez via le formulaire de contact, vos donn\u00e9es seront enregistr\u00e9es afin de traiter votre demande et en cas de questions de suivi. Le traitement est effectu\u00e9 sur la base de l&rsquo;article 6, paragraphe 1, point b) du RGPD. Les donn\u00e9es sont stock\u00e9es en interne et ne sont pas transmises \u00e0 des tiers.    <\/p>\n<h3 data-fontsize=\"28\" style=\"--fontSize: 28; line-height: 1.32;\" data-lineheight=\"36.96px\" class=\"fusion-responsive-typography-calculated\">5. polices de caract\u00e8res Google<\/h3>\n<p>Ce site utilise Google Fonts. Les polices sont mises \u00e0 disposition localement sur le serveur ou charg\u00e9es via les serveurs de Google. Lors du chargement via les serveurs Google, votre adresse IP est transmise \u00e0 Google (Google Ireland Limited, Gordon House, Barrow Street, Dublin 4, Irlande). Pour plus d&rsquo;informations, consultez la <a href=\"https:\/\/policies.google.com\/privacy\" target=\"_blank\" rel=\"noopener\">d\u00e9claration de confidentialit\u00e9 de Google<\/a>.   <\/p>\n<h3 data-fontsize=\"28\" style=\"--fontSize: 28; line-height: 1.32;\" data-lineheight=\"36.96px\" class=\"fusion-responsive-typography-calculated\">6. YouTube<\/h3>\n<p>Des vid\u00e9os de YouTube sont int\u00e9gr\u00e9es \u00e0 ce site web. Le fournisseur est Google Ireland Limited. Lorsque vous regardez une vid\u00e9o, votre adresse IP est transmise \u00e0 YouTube. Si vous \u00eates connect\u00e9 \u00e0 YouTube, votre comportement d&rsquo;utilisation sera li\u00e9 \u00e0 votre profil YouTube. Pour plus d&rsquo;informations, consultez la <a href=\"https:\/\/policies.google.com\/privacy\" target=\"_blank\" rel=\"noopener\">d\u00e9claration de confidentialit\u00e9 de Google<\/a>.    <\/p>\n<h3 data-fontsize=\"28\" style=\"--fontSize: 28; line-height: 1.32;\" data-lineheight=\"36.96px\" class=\"fusion-responsive-typography-calculated\">7. flux Instagram (Smash Balloon)<\/h3>\n<p>Le plugin \u00ab Smash Balloon Social Photo Feed \u00bb est utilis\u00e9 pour afficher le flux Instagram. Le cas \u00e9ch\u00e9ant, des demandes sont envoy\u00e9es aux serveurs d&rsquo;Instagram (Meta Platforms Ireland Limited, 4 Grand Canal Square, Dublin 2, Irlande). La <a href=\"https:\/\/privacycenter.instagram.com\/policy\" target=\"_blank\" rel=\"noopener\">politique de confidentialit\u00e9 d&rsquo;Instagram<\/a> s&rsquo;applique.  <\/p>\n<h3 data-fontsize=\"28\" style=\"--fontSize: 28; line-height: 1.32;\" data-lineheight=\"36.96px\" class=\"fusion-responsive-typography-calculated\">8. liens vers les m\u00e9dias sociaux<\/h3>\n<p>Dans le pied de page, nous faisons un lien vers nos pages de m\u00e9dias sociaux (par ex. Facebook). Il s&rsquo;agit de simples liens et non de plugins &#8211; aucune donn\u00e9e n&rsquo;est donc transmise \u00e0 ces plateformes lorsque vous visitez notre site. <\/p>\n<h3 data-fontsize=\"28\" style=\"--fontSize: 28; line-height: 1.32;\" data-lineheight=\"36.96px\" class=\"fusion-responsive-typography-calculated\">9. droits des personnes concern\u00e9es<\/h3>\n<p>Vous avez le droit de demander l\u2019acc\u00e8s, la rectification, l\u2019effacement, la limitation du traitement et la portabilit\u00e9 des donn\u00e9es, ainsi que le droit de d\u00e9poser une plainte aupr\u00e8s d\u2019une autorit\u00e9 de contr\u00f4le. Pour cela, adressez-vous \u00e0 : <a href=\"mailto:fredericwandres@icloud.com\">fredericwandres@icloud.com<\/a> <\/p>\n<h3 data-fontsize=\"28\" style=\"--fontSize: 28; line-height: 1.32;\" data-lineheight=\"36.96px\" class=\"fusion-responsive-typography-calculated\">10. modifications<\/h3>\n<p>Nous nous r\u00e9servons le droit d&rsquo;adapter \u00e0 tout moment la pr\u00e9sente d\u00e9claration de confidentialit\u00e9 afin qu&rsquo;elle soit toujours conforme aux exigences l\u00e9gales actuelles.<\/p>\n<\/section>\n<p>Nous utilisons l&rsquo;outil de consentement \u00ab Real Cookie Banner \u00bb pour g\u00e9rer les cookies et les technologies similaires (pixels de suivi, balises Web, etc.) et les consentements correspondants. Vous trouverez des d\u00e9tails sur le fonctionnement de \u00ab Real Cookie Banner \u00bb sur <a href=\"https:\/\/devowl.io\/de\/rcb\/datenverarbeitung\/\" target=\"_blank\" rel=\"noopener noreferrer\">https:\/\/devowl.io\/de\/rcb\/datenverarbeitung\/.<\/a> <\/p>\n<p>Les bases juridiques pour le traitement des donn\u00e9es personnelles dans ce contexte sont l&rsquo;article 6, paragraphe 1, point c) du RGPD et l&rsquo;article 6, paragraphe 1, point f) du RGPD. Notre int\u00e9r\u00eat l\u00e9gitime est la gestion des cookies et des technologies similaires utilis\u00e9s et des consentements y aff\u00e9rents.     <\/p>\n<p>La fourniture des donn\u00e9es personnelles n&rsquo;est ni contractuellement obligatoire ni n\u00e9cessaire \u00e0 la conclusion d&rsquo;un contrat. Vous n&rsquo;\u00eates pas oblig\u00e9 de fournir les donn\u00e9es personnelles. Si vous ne fournissez pas les donn\u00e9es personnelles, nous ne pourrons pas g\u00e9rer vos consentements.  <\/p>\n<\/div><\/div><\/div><\/div><\/div>\n","protected":false},"excerpt":{"rendered":"","protected":false},"author":1,"featured_media":0,"parent":0,"menu_order":0,"comment_status":"closed","ping_status":"open","template":"","meta":{"footnotes":""},"class_list":["post-4461","page","type-page","status-publish","hentry"],"yoast_head":"<!-- This site is optimized with the Yoast SEO plugin v27.4 - https:\/\/yoast.com\/product\/yoast-seo-wordpress\/ -->\n<title>D\u00e9claration de confidentialit\u00e9 - Fr&eacute;d&eacute;ric Wandres<\/title>\n<meta name=\"robots\" content=\"index, follow, max-snippet:-1, max-image-preview:large, max-video-preview:-1\" \/>\n<link rel=\"canonical\" href=\"https:\/\/frederic-wandres.com\/fr\/declaration-de-confidentialite\/\" \/>\n<meta property=\"og:locale\" content=\"fr_FR\" \/>\n<meta property=\"og:type\" content=\"article\" \/>\n<meta property=\"og:title\" content=\"D\u00e9claration de confidentialit\u00e9 - Fr&eacute;d&eacute;ric Wandres\" \/>\n<meta property=\"og:url\" content=\"https:\/\/frederic-wandres.com\/fr\/declaration-de-confidentialite\/\" \/>\n<meta property=\"og:site_name\" content=\"Fr&eacute;d&eacute;ric Wandres\" \/>\n<meta property=\"article:modified_time\" content=\"2025-09-04T10:52:02+00:00\" \/>\n<meta name=\"twitter:card\" content=\"summary_large_image\" \/>\n<meta name=\"twitter:label1\" content=\"Dur\u00e9e de lecture estim\u00e9e\" \/>\n\t<meta name=\"twitter:data1\" content=\"4 minutes\" \/>\n<script type=\"application\/ld+json\" class=\"yoast-schema-graph\">{\"@context\":\"https:\\\/\\\/schema.org\",\"@graph\":[{\"@type\":\"WebPage\",\"@id\":\"https:\\\/\\\/frederic-wandres.com\\\/fr\\\/declaration-de-confidentialite\\\/\",\"url\":\"https:\\\/\\\/frederic-wandres.com\\\/fr\\\/declaration-de-confidentialite\\\/\",\"name\":\"D\u00e9claration de confidentialit\u00e9 - Fr&eacute;d&eacute;ric Wandres\",\"isPartOf\":{\"@id\":\"https:\\\/\\\/frederic-wandres.com\\\/fr\\\/#website\"},\"datePublished\":\"2025-02-21T09:36:35+00:00\",\"dateModified\":\"2025-09-04T10:52:02+00:00\",\"breadcrumb\":{\"@id\":\"https:\\\/\\\/frederic-wandres.com\\\/fr\\\/declaration-de-confidentialite\\\/#breadcrumb\"},\"inLanguage\":\"fr-FR\",\"potentialAction\":[{\"@type\":\"ReadAction\",\"target\":[\"https:\\\/\\\/frederic-wandres.com\\\/fr\\\/declaration-de-confidentialite\\\/\"]}]},{\"@type\":\"BreadcrumbList\",\"@id\":\"https:\\\/\\\/frederic-wandres.com\\\/fr\\\/declaration-de-confidentialite\\\/#breadcrumb\",\"itemListElement\":[{\"@type\":\"ListItem\",\"position\":1,\"name\":\"Startseite\",\"item\":\"https:\\\/\\\/frederic-wandres.com\\\/fr\\\/accueil\\\/\"},{\"@type\":\"ListItem\",\"position\":2,\"name\":\"D\u00e9claration de confidentialit\u00e9\"}]},{\"@type\":\"WebSite\",\"@id\":\"https:\\\/\\\/frederic-wandres.com\\\/fr\\\/#website\",\"url\":\"https:\\\/\\\/frederic-wandres.com\\\/fr\\\/\",\"name\":\"Fr&eacute;d&eacute;ric Wandres\",\"description\":\"M\u00e9daill\u00e9 d\u2019or olympique par \u00e9quipe &amp; cavalier de dressage | DREAM THE IMPOSSIBLE DREAM\",\"potentialAction\":[{\"@type\":\"SearchAction\",\"target\":{\"@type\":\"EntryPoint\",\"urlTemplate\":\"https:\\\/\\\/frederic-wandres.com\\\/fr\\\/?s={search_term_string}\"},\"query-input\":{\"@type\":\"PropertyValueSpecification\",\"valueRequired\":true,\"valueName\":\"search_term_string\"}}],\"inLanguage\":\"fr-FR\"}]}<\/script>\n<!-- \/ Yoast SEO plugin. -->","yoast_head_json":{"title":"D\u00e9claration de confidentialit\u00e9 - Fr&eacute;d&eacute;ric Wandres","robots":{"index":"index","follow":"follow","max-snippet":"max-snippet:-1","max-image-preview":"max-image-preview:large","max-video-preview":"max-video-preview:-1"},"canonical":"https:\/\/frederic-wandres.com\/fr\/declaration-de-confidentialite\/","og_locale":"fr_FR","og_type":"article","og_title":"D\u00e9claration de confidentialit\u00e9 - Fr&eacute;d&eacute;ric Wandres","og_url":"https:\/\/frederic-wandres.com\/fr\/declaration-de-confidentialite\/","og_site_name":"Fr&eacute;d&eacute;ric Wandres","article_modified_time":"2025-09-04T10:52:02+00:00","twitter_card":"summary_large_image","twitter_misc":{"Dur\u00e9e de lecture estim\u00e9e":"4 minutes"},"schema":{"@context":"https:\/\/schema.org","@graph":[{"@type":"WebPage","@id":"https:\/\/frederic-wandres.com\/fr\/declaration-de-confidentialite\/","url":"https:\/\/frederic-wandres.com\/fr\/declaration-de-confidentialite\/","name":"D\u00e9claration de confidentialit\u00e9 - Fr&eacute;d&eacute;ric Wandres","isPartOf":{"@id":"https:\/\/frederic-wandres.com\/fr\/#website"},"datePublished":"2025-02-21T09:36:35+00:00","dateModified":"2025-09-04T10:52:02+00:00","breadcrumb":{"@id":"https:\/\/frederic-wandres.com\/fr\/declaration-de-confidentialite\/#breadcrumb"},"inLanguage":"fr-FR","potentialAction":[{"@type":"ReadAction","target":["https:\/\/frederic-wandres.com\/fr\/declaration-de-confidentialite\/"]}]},{"@type":"BreadcrumbList","@id":"https:\/\/frederic-wandres.com\/fr\/declaration-de-confidentialite\/#breadcrumb","itemListElement":[{"@type":"ListItem","position":1,"name":"Startseite","item":"https:\/\/frederic-wandres.com\/fr\/accueil\/"},{"@type":"ListItem","position":2,"name":"D\u00e9claration de confidentialit\u00e9"}]},{"@type":"WebSite","@id":"https:\/\/frederic-wandres.com\/fr\/#website","url":"https:\/\/frederic-wandres.com\/fr\/","name":"Fr&eacute;d&eacute;ric Wandres","description":"M\u00e9daill\u00e9 d\u2019or olympique par \u00e9quipe &amp; cavalier de dressage | DREAM THE IMPOSSIBLE DREAM","potentialAction":[{"@type":"SearchAction","target":{"@type":"EntryPoint","urlTemplate":"https:\/\/frederic-wandres.com\/fr\/?s={search_term_string}"},"query-input":{"@type":"PropertyValueSpecification","valueRequired":true,"valueName":"search_term_string"}}],"inLanguage":"fr-FR"}]}},"_links":{"self":[{"href":"https:\/\/frederic-wandres.com\/fr\/wp-json\/wp\/v2\/pages\/4461","targetHints":{"allow":["GET"]}}],"collection":[{"href":"https:\/\/frederic-wandres.com\/fr\/wp-json\/wp\/v2\/pages"}],"about":[{"href":"https:\/\/frederic-wandres.com\/fr\/wp-json\/wp\/v2\/types\/page"}],"author":[{"embeddable":true,"href":"https:\/\/frederic-wandres.com\/fr\/wp-json\/wp\/v2\/users\/1"}],"replies":[{"embeddable":true,"href":"https:\/\/frederic-wandres.com\/fr\/wp-json\/wp\/v2\/comments?post=4461"}],"version-history":[{"count":3,"href":"https:\/\/frederic-wandres.com\/fr\/wp-json\/wp\/v2\/pages\/4461\/revisions"}],"predecessor-version":[{"id":4889,"href":"https:\/\/frederic-wandres.com\/fr\/wp-json\/wp\/v2\/pages\/4461\/revisions\/4889"}],"wp:attachment":[{"href":"https:\/\/frederic-wandres.com\/fr\/wp-json\/wp\/v2\/media?parent=4461"}],"curies":[{"name":"wp","href":"https:\/\/api.w.org\/{rel}","templated":true}]}}