{"id":4460,"date":"2025-02-21T10:36:35","date_gmt":"2025-02-21T09:36:35","guid":{"rendered":"https:\/\/frederic-wandres.com\/politica-de-privacidad\/"},"modified":"2025-09-04T14:17:17","modified_gmt":"2025-09-04T12:17:17","slug":"politica-de-privacidad","status":"publish","type":"page","link":"https:\/\/frederic-wandres.com\/es\/politica-de-privacidad\/","title":{"rendered":"Pol\u00edtica de privacidad"},"content":{"rendered":"<div class=\"fusion-fullwidth fullwidth-box fusion-builder-row-1 fusion-flex-container nonhundred-percent-fullwidth non-hundred-percent-height-scrolling\" style=\"--awb-border-radius-top-left:0px;--awb-border-radius-top-right:0px;--awb-border-radius-bottom-right:0px;--awb-border-radius-bottom-left:0px;--awb-flex-wrap:wrap;\" ><div class=\"fusion-builder-row fusion-row fusion-flex-align-items-flex-start fusion-flex-content-wrap\" style=\"max-width:1320.8px;margin-left: calc(-4% \/ 2 );margin-right: calc(-4% \/ 2 );\"><div class=\"fusion-layout-column fusion_builder_column fusion-builder-column-0 fusion_builder_column_1_1 1_1 fusion-flex-column\" style=\"--awb-bg-size:cover;--awb-width-large:100%;--awb-margin-top-large:0px;--awb-spacing-right-large:1.92%;--awb-margin-bottom-large:0px;--awb-spacing-left-large:1.92%;--awb-width-medium:100%;--awb-spacing-right-medium:1.92%;--awb-spacing-left-medium:1.92%;--awb-width-small:100%;--awb-spacing-right-small:1.92%;--awb-spacing-left-small:1.92%;\"><div class=\"fusion-column-wrapper fusion-flex-justify-content-flex-start fusion-content-layout-column\"><div class=\"fusion-text fusion-text-1\"><section id=\"datenschutz\">\n<h2 data-fontsize=\"44\" style=\"--fontSize: 44; line-height: 1.26;\" data-lineheight=\"55.44px\" class=\"fusion-responsive-typography-calculated\">Pol\u00edtica de privacidad<\/h2>\n<p>Esta pol\u00edtica de privacidad explica la naturaleza, el alcance y la finalidad del tratamiento de datos personales en este sitio web, de conformidad con el Reglamento General de Protecci\u00f3n de Datos (RGPD) y la Ley de Protecci\u00f3n de Datos de los Servicios Digitales de Telecomunicaciones (LDPDT).<\/p>\n<h3 data-fontsize=\"28\" style=\"--fontSize: 28; line-height: 1.32;\" data-lineheight=\"36.96px\" class=\"fusion-responsive-typography-calculated\">1. persona responsable<\/h3>\n<p>Fr\u00e9d\u00e9ric Wandres<\/p>\n<p>Am Borgberg 3,\u202849170 Hagen a.T.W.<\/p>\n<p>fredericwandres@icloud.com<\/p>\n<h3 data-fontsize=\"28\" style=\"--fontSize: 28; line-height: 1.32;\" data-lineheight=\"36.96px\" class=\"fusion-responsive-typography-calculated\">2. alojamiento<\/h3>\n<p>Este sitio web est\u00e1 alojado por IONOS (1&amp;1 IONOS SE, Elgendorfer Stra\u00dfe 57, 56410 Montabaur, Alemania). Se ha celebrado un contrato de procesamiento de pedidos con el proveedor de alojamiento de conformidad con el Art. 28 del GDPR. <\/p>\n<h3 data-fontsize=\"28\" style=\"--fontSize: 28; line-height: 1.32;\" data-lineheight=\"36.96px\" class=\"fusion-responsive-typography-calculated\">3. datos de acceso (archivos de registro del servidor)<\/h3>\n<p>Cuando visitas este sitio web, se recogen autom\u00e1ticamente datos como tu direcci\u00f3n IP, fecha y hora de acceso, tipo de navegador, sistema operativo e informaci\u00f3n similar. Estos datos se utilizan para la prestaci\u00f3n t\u00e9cnica del sitio web y se eliminan autom\u00e1ticamente al cabo de 7 d\u00edas. <\/p>\n<h3 data-fontsize=\"28\" style=\"--fontSize: 28; line-height: 1.32;\" data-lineheight=\"36.96px\" class=\"fusion-responsive-typography-calculated\">4. formulario de contacto<\/h3>\n<p>Si te pones en contacto con nosotros a trav\u00e9s del formulario de contacto, tus datos se almacenar\u00e1n con el fin de procesar la consulta y en caso de preguntas de seguimiento. El tratamiento se lleva a cabo sobre la base del Art. 6 p\u00e1rr. 1 lit. b GDPR. Los datos se almacenan internamente y no se transmiten a terceros.    <\/p>\n<h3 data-fontsize=\"28\" style=\"--fontSize: 28; line-height: 1.32;\" data-lineheight=\"36.96px\" class=\"fusion-responsive-typography-calculated\">5. google fonts<\/h3>\n<p>Este sitio web utiliza Google Fonts. Las fuentes se proporcionan localmente en el servidor o se cargan a trav\u00e9s de los servidores de Google. Cuando se carga a trav\u00e9s de los servidores de Google, tu direcci\u00f3n IP se transmite a Google (Google Ireland Limited, Gordon House, Barrow Street, Dubl\u00edn 4, Irlanda). Puedes encontrar m\u00e1s informaci\u00f3n en <a href=\"https:\/\/policies.google.com\/privacy\" target=\"_blank\" rel=\"noopener\">la pol\u00edtica de privacidad de Google<\/a>.   <\/p>\n<h3 data-fontsize=\"28\" style=\"--fontSize: 28; line-height: 1.32;\" data-lineheight=\"36.96px\" class=\"fusion-responsive-typography-calculated\">6 YouTube<\/h3>\n<p>En este sitio web se incrustan v\u00eddeos de YouTube. El proveedor es Google Ireland Limited. Cuando reproduces un v\u00eddeo, tu direcci\u00f3n IP se transmite a YouTube. Si has iniciado sesi\u00f3n en YouTube, tu comportamiento de uso se vincular\u00e1 a tu perfil de YouTube. Puedes encontrar m\u00e1s informaci\u00f3n en <a href=\"https:\/\/policies.google.com\/privacy\" target=\"_blank\" rel=\"noopener\">la pol\u00edtica de privacidad de Google<\/a>.    <\/p>\n<h3 data-fontsize=\"28\" style=\"--fontSize: 28; line-height: 1.32;\" data-lineheight=\"36.96px\" class=\"fusion-responsive-typography-calculated\">7\u00ba Instagram Feed (Smash Balloon)<\/h3>\n<p>El plugin \u201cSmash Balloon Social Photo Feed\u201d se utiliza para mostrar el feed de Instagram. Las solicitudes pueden enviarse a los servidores de Instagram (Meta Platforms Ireland Limited, 4 Grand Canal Square, Dubl\u00edn 2, Irlanda). Se aplica la <a href=\"https:\/\/privacycenter.instagram.com\/policy\" target=\"_blank\" rel=\"noopener\">pol\u00edtica de privacidad de Instagram<\/a>.  <\/p>\n<h3 data-fontsize=\"28\" style=\"--fontSize: 28; line-height: 1.32;\" data-lineheight=\"36.96px\" class=\"fusion-responsive-typography-calculated\">8. enlaces a redes sociales<\/h3>\n<p>En el pie de p\u00e1gina incluimos enlaces a nuestras p\u00e1ginas de redes sociales (por ejemplo, Facebook). Se trata de enlaces puros, no de plugins, por lo que no se transmiten datos a estas plataformas cuando visitas nuestro sitio web. <\/p>\n<h3 data-fontsize=\"28\" style=\"--fontSize: 28; line-height: 1.32;\" data-lineheight=\"36.96px\" class=\"fusion-responsive-typography-calculated\">9. derechos de los interesados<\/h3>\n<p>Tienes derecho de acceso, rectificaci\u00f3n, supresi\u00f3n, limitaci\u00f3n del tratamiento y portabilidad de los datos, as\u00ed como derecho a presentar una reclamaci\u00f3n ante una autoridad de control. Para ello, dir\u00edgete a: <a href=\"mailto:fredericwandres@icloud.com\">fredericwandres@icloud.com<\/a> <\/p>\n<h3 data-fontsize=\"28\" style=\"--fontSize: 28; line-height: 1.32;\" data-lineheight=\"36.96px\" class=\"fusion-responsive-typography-calculated\">10. cambios<\/h3>\n<p>Nos reservamos el derecho a modificar esta pol\u00edtica de privacidad en cualquier momento para garantizar que siempre cumpla con los requisitos legales vigentes.<\/p>\n<\/section>\n<p>Utilizamos la herramienta de consentimiento \u201cReal Cookie Banner\u201d para gestionar las cookies y tecnolog\u00edas similares utilizadas (p\u00edxeles de seguimiento, balizas web, etc.) y los consentimientos relacionados. Puedes encontrar informaci\u00f3n detallada sobre el funcionamiento de \u201cReal Cookie Banner\u201d en <a href=\"https:\/\/devowl.io\/de\/rcb\/datenverarbeitung\/\" target=\"_blank\" rel=\"noopener noreferrer\">https:\/\/devowl.io\/de\/rcb\/datenverarbeitung\/.<\/a> <\/p>\n<p>La base jur\u00eddica para el tratamiento de datos personales en este contexto es el Art. 6 p\u00e1rr. 1 lit. c GDPR y el Art. 6 p\u00e1rr. 1 lit. f GDPR. Nuestro inter\u00e9s leg\u00edtimo es la gesti\u00f3n de las cookies y tecnolog\u00edas similares utilizadas y los consentimientos relacionados.     <\/p>\n<p>El suministro de datos personales no es contractualmente obligatorio ni necesario para la celebraci\u00f3n de un contrato. No est\u00e1s obligado a facilitar los datos personales. Si no proporcionas los datos personales, no podremos gestionar tus consentimientos.  <\/p>\n<\/div><\/div><\/div><\/div><\/div>\n","protected":false},"excerpt":{"rendered":"","protected":false},"author":1,"featured_media":0,"parent":0,"menu_order":0,"comment_status":"closed","ping_status":"open","template":"","meta":{"footnotes":""},"class_list":["post-4460","page","type-page","status-publish","hentry"],"yoast_head":"<!-- This site is optimized with the Yoast SEO plugin v27.4 - https:\/\/yoast.com\/product\/yoast-seo-wordpress\/ -->\n<title>Pol\u00edtica de privacidad - Fr&eacute;d&eacute;ric Wandres<\/title>\n<meta name=\"robots\" content=\"index, follow, max-snippet:-1, max-image-preview:large, max-video-preview:-1\" \/>\n<link rel=\"canonical\" href=\"https:\/\/frederic-wandres.com\/es\/politica-de-privacidad\/\" \/>\n<meta property=\"og:locale\" content=\"es_ES\" \/>\n<meta property=\"og:type\" content=\"article\" \/>\n<meta property=\"og:title\" content=\"Pol\u00edtica de privacidad - Fr&eacute;d&eacute;ric Wandres\" \/>\n<meta property=\"og:url\" content=\"https:\/\/frederic-wandres.com\/es\/politica-de-privacidad\/\" \/>\n<meta property=\"og:site_name\" content=\"Fr&eacute;d&eacute;ric Wandres\" \/>\n<meta property=\"article:modified_time\" content=\"2025-09-04T12:17:17+00:00\" \/>\n<meta name=\"twitter:card\" content=\"summary_large_image\" \/>\n<meta name=\"twitter:label1\" content=\"Tiempo de lectura\" \/>\n\t<meta name=\"twitter:data1\" content=\"4 minutos\" \/>\n<script type=\"application\/ld+json\" class=\"yoast-schema-graph\">{\"@context\":\"https:\\\/\\\/schema.org\",\"@graph\":[{\"@type\":\"WebPage\",\"@id\":\"https:\\\/\\\/frederic-wandres.com\\\/es\\\/politica-de-privacidad\\\/\",\"url\":\"https:\\\/\\\/frederic-wandres.com\\\/es\\\/politica-de-privacidad\\\/\",\"name\":\"Pol\u00edtica de privacidad - Fr&eacute;d&eacute;ric Wandres\",\"isPartOf\":{\"@id\":\"https:\\\/\\\/frederic-wandres.com\\\/es\\\/#website\"},\"datePublished\":\"2025-02-21T09:36:35+00:00\",\"dateModified\":\"2025-09-04T12:17:17+00:00\",\"breadcrumb\":{\"@id\":\"https:\\\/\\\/frederic-wandres.com\\\/es\\\/politica-de-privacidad\\\/#breadcrumb\"},\"inLanguage\":\"es\",\"potentialAction\":[{\"@type\":\"ReadAction\",\"target\":[\"https:\\\/\\\/frederic-wandres.com\\\/es\\\/politica-de-privacidad\\\/\"]}]},{\"@type\":\"BreadcrumbList\",\"@id\":\"https:\\\/\\\/frederic-wandres.com\\\/es\\\/politica-de-privacidad\\\/#breadcrumb\",\"itemListElement\":[{\"@type\":\"ListItem\",\"position\":1,\"name\":\"Startseite\",\"item\":\"https:\\\/\\\/frederic-wandres.com\\\/es\\\/inicio\\\/\"},{\"@type\":\"ListItem\",\"position\":2,\"name\":\"Pol\u00edtica de privacidad\"}]},{\"@type\":\"WebSite\",\"@id\":\"https:\\\/\\\/frederic-wandres.com\\\/es\\\/#website\",\"url\":\"https:\\\/\\\/frederic-wandres.com\\\/es\\\/\",\"name\":\"Fr&eacute;d&eacute;ric Wandres\",\"description\":\"Olympic Team Gold Medalist &amp; Dressage Rider | DREAM THE IMPOSSIBLE DREAM\",\"potentialAction\":[{\"@type\":\"SearchAction\",\"target\":{\"@type\":\"EntryPoint\",\"urlTemplate\":\"https:\\\/\\\/frederic-wandres.com\\\/es\\\/?s={search_term_string}\"},\"query-input\":{\"@type\":\"PropertyValueSpecification\",\"valueRequired\":true,\"valueName\":\"search_term_string\"}}],\"inLanguage\":\"es\"}]}<\/script>\n<!-- \/ Yoast SEO plugin. -->","yoast_head_json":{"title":"Pol\u00edtica de privacidad - Fr&eacute;d&eacute;ric Wandres","robots":{"index":"index","follow":"follow","max-snippet":"max-snippet:-1","max-image-preview":"max-image-preview:large","max-video-preview":"max-video-preview:-1"},"canonical":"https:\/\/frederic-wandres.com\/es\/politica-de-privacidad\/","og_locale":"es_ES","og_type":"article","og_title":"Pol\u00edtica de privacidad - Fr&eacute;d&eacute;ric Wandres","og_url":"https:\/\/frederic-wandres.com\/es\/politica-de-privacidad\/","og_site_name":"Fr&eacute;d&eacute;ric Wandres","article_modified_time":"2025-09-04T12:17:17+00:00","twitter_card":"summary_large_image","twitter_misc":{"Tiempo de lectura":"4 minutos"},"schema":{"@context":"https:\/\/schema.org","@graph":[{"@type":"WebPage","@id":"https:\/\/frederic-wandres.com\/es\/politica-de-privacidad\/","url":"https:\/\/frederic-wandres.com\/es\/politica-de-privacidad\/","name":"Pol\u00edtica de privacidad - Fr&eacute;d&eacute;ric Wandres","isPartOf":{"@id":"https:\/\/frederic-wandres.com\/es\/#website"},"datePublished":"2025-02-21T09:36:35+00:00","dateModified":"2025-09-04T12:17:17+00:00","breadcrumb":{"@id":"https:\/\/frederic-wandres.com\/es\/politica-de-privacidad\/#breadcrumb"},"inLanguage":"es","potentialAction":[{"@type":"ReadAction","target":["https:\/\/frederic-wandres.com\/es\/politica-de-privacidad\/"]}]},{"@type":"BreadcrumbList","@id":"https:\/\/frederic-wandres.com\/es\/politica-de-privacidad\/#breadcrumb","itemListElement":[{"@type":"ListItem","position":1,"name":"Startseite","item":"https:\/\/frederic-wandres.com\/es\/inicio\/"},{"@type":"ListItem","position":2,"name":"Pol\u00edtica de privacidad"}]},{"@type":"WebSite","@id":"https:\/\/frederic-wandres.com\/es\/#website","url":"https:\/\/frederic-wandres.com\/es\/","name":"Fr&eacute;d&eacute;ric Wandres","description":"Olympic Team Gold Medalist &amp; Dressage Rider | DREAM THE IMPOSSIBLE DREAM","potentialAction":[{"@type":"SearchAction","target":{"@type":"EntryPoint","urlTemplate":"https:\/\/frederic-wandres.com\/es\/?s={search_term_string}"},"query-input":{"@type":"PropertyValueSpecification","valueRequired":true,"valueName":"search_term_string"}}],"inLanguage":"es"}]}},"_links":{"self":[{"href":"https:\/\/frederic-wandres.com\/es\/wp-json\/wp\/v2\/pages\/4460","targetHints":{"allow":["GET"]}}],"collection":[{"href":"https:\/\/frederic-wandres.com\/es\/wp-json\/wp\/v2\/pages"}],"about":[{"href":"https:\/\/frederic-wandres.com\/es\/wp-json\/wp\/v2\/types\/page"}],"author":[{"embeddable":true,"href":"https:\/\/frederic-wandres.com\/es\/wp-json\/wp\/v2\/users\/1"}],"replies":[{"embeddable":true,"href":"https:\/\/frederic-wandres.com\/es\/wp-json\/wp\/v2\/comments?post=4460"}],"version-history":[{"count":3,"href":"https:\/\/frederic-wandres.com\/es\/wp-json\/wp\/v2\/pages\/4460\/revisions"}],"predecessor-version":[{"id":4897,"href":"https:\/\/frederic-wandres.com\/es\/wp-json\/wp\/v2\/pages\/4460\/revisions\/4897"}],"wp:attachment":[{"href":"https:\/\/frederic-wandres.com\/es\/wp-json\/wp\/v2\/media?parent=4460"}],"curies":[{"name":"wp","href":"https:\/\/api.w.org\/{rel}","templated":true}]}}