{"id":4367,"date":"2025-02-21T10:36:35","date_gmt":"2025-02-21T09:36:35","guid":{"rendered":"https:\/\/frederic-wandres.com\/privacy-policy\/"},"modified":"2025-09-04T12:54:47","modified_gmt":"2025-09-04T10:54:47","slug":"privacy-policy","status":"publish","type":"page","link":"https:\/\/frederic-wandres.com\/en\/privacy-policy\/","title":{"rendered":"Privacy policy"},"content":{"rendered":"<div class=\"fusion-fullwidth fullwidth-box fusion-builder-row-1 fusion-flex-container nonhundred-percent-fullwidth non-hundred-percent-height-scrolling\" style=\"--awb-border-radius-top-left:0px;--awb-border-radius-top-right:0px;--awb-border-radius-bottom-right:0px;--awb-border-radius-bottom-left:0px;--awb-flex-wrap:wrap;\" ><div class=\"fusion-builder-row fusion-row fusion-flex-align-items-flex-start fusion-flex-content-wrap\" style=\"max-width:1320.8px;margin-left: calc(-4% \/ 2 );margin-right: calc(-4% \/ 2 );\"><div class=\"fusion-layout-column fusion_builder_column fusion-builder-column-0 fusion_builder_column_1_1 1_1 fusion-flex-column\" style=\"--awb-bg-size:cover;--awb-width-large:100%;--awb-margin-top-large:0px;--awb-spacing-right-large:1.92%;--awb-margin-bottom-large:0px;--awb-spacing-left-large:1.92%;--awb-width-medium:100%;--awb-spacing-right-medium:1.92%;--awb-spacing-left-medium:1.92%;--awb-width-small:100%;--awb-spacing-right-small:1.92%;--awb-spacing-left-small:1.92%;\"><div class=\"fusion-column-wrapper fusion-flex-justify-content-flex-start fusion-content-layout-column\"><div class=\"fusion-text fusion-text-1\"><section id=\"datenschutz\">\n<h2 data-fontsize=\"44\" style=\"--fontSize: 44; line-height: 1.26;\" data-lineheight=\"55.44px\" class=\"fusion-responsive-typography-calculated\">Privacy policy<\/h2>\n<p>This privacy policy explains the type, scope and purpose of the processing of personal data on this website &#8211; in accordance with the General Data Protection Regulation (GDPR) and the Telecommunications Digital Services Data Protection Act (TDDDG).<\/p>\n<h3 data-fontsize=\"28\" style=\"--fontSize: 28; line-height: 1.32;\" data-lineheight=\"36.96px\" class=\"fusion-responsive-typography-calculated\">1. responsible person<\/h3>\n<p>Fr\u00e9d\u00e9ric Wandres<\/p>\n<p>Am Borgberg 3,\u202849170 Hagen a.T.W.<\/p>\n<p>fredericwandres@icloud.com<\/p>\n<h3 data-fontsize=\"28\" style=\"--fontSize: 28; line-height: 1.32;\" data-lineheight=\"36.96px\" class=\"fusion-responsive-typography-calculated\">2. hosting<\/h3>\n<p>This website is hosted by IONOS (1&amp;1 IONOS SE, Elgendorfer Stra\u00dfe 57, 56410 Montabaur, Germany). An order processing contract has been concluded with the hosting provider in accordance with Art. 28 GDPR. <\/p>\n<h3 data-fontsize=\"28\" style=\"--fontSize: 28; line-height: 1.32;\" data-lineheight=\"36.96px\" class=\"fusion-responsive-typography-calculated\">3. access data (server log files)<\/h3>\n<p>When you visit this website, data such as your IP address, date and time of access, browser type, operating system and similar information is automatically collected. This data is used for the technical provision of the website and is automatically deleted after 7 days. <\/p>\n<h3 data-fontsize=\"28\" style=\"--fontSize: 28; line-height: 1.32;\" data-lineheight=\"36.96px\" class=\"fusion-responsive-typography-calculated\">4. contact form<\/h3>\n<p>If you contact us via the contact form, your details will be stored for the purpose of processing the request and in the event of follow-up questions. The processing is carried out on the basis of Art. 6 para. 1 lit. b GDPR. The data is stored internally and not passed on to third parties.    <\/p>\n<h3 data-fontsize=\"28\" style=\"--fontSize: 28; line-height: 1.32;\" data-lineheight=\"36.96px\" class=\"fusion-responsive-typography-calculated\">5. google fonts<\/h3>\n<p>This website uses Google Fonts. The fonts are provided locally on the server or loaded via Google servers. When retrieving via Google servers, your IP address is transmitted to Google (Google Ireland Limited, Gordon House, Barrow Street, Dublin 4, Ireland). Further information can be found in <a href=\"https:\/\/policies.google.com\/privacy\" target=\"_blank\" rel=\"noopener\">Google&#8217;s privacy policy<\/a>.   <\/p>\n<h3 data-fontsize=\"28\" style=\"--fontSize: 28; line-height: 1.32;\" data-lineheight=\"36.96px\" class=\"fusion-responsive-typography-calculated\">6. youtube<\/h3>\n<p>Videos from YouTube are embedded on this website. The provider is Google Ireland Limited. When you play a video, your IP address is transmitted to YouTube. If you are logged in to YouTube, your usage behavior will be linked to your YouTube profile. Further information can be found in <a href=\"https:\/\/policies.google.com\/privacy\" target=\"_blank\" rel=\"noopener\">Google&#8217;s privacy policy<\/a>.    <\/p>\n<h3 data-fontsize=\"28\" style=\"--fontSize: 28; line-height: 1.32;\" data-lineheight=\"36.96px\" class=\"fusion-responsive-typography-calculated\">7th Instagram Feed (Smash Balloon)<\/h3>\n<p>The &#8220;Smash Balloon Social Photo Feed&#8221; plugin is used to display the Instagram feed. Requests may be sent to Instagram servers (Meta Platforms Ireland Limited, 4 Grand Canal Square, Dublin 2, Ireland). The <a href=\"https:\/\/privacycenter.instagram.com\/policy\" target=\"_blank\" rel=\"noopener\">Instagram privacy policy<\/a> applies.  <\/p>\n<h3 data-fontsize=\"28\" style=\"--fontSize: 28; line-height: 1.32;\" data-lineheight=\"36.96px\" class=\"fusion-responsive-typography-calculated\">8. social media links<\/h3>\n<p>In the footer, we link to our social media pages (e.g. Facebook). These are pure links, not plugins &#8211; therefore no data is transmitted to these platforms when you visit our website. <\/p>\n<h3 data-fontsize=\"28\" style=\"--fontSize: 28; line-height: 1.32;\" data-lineheight=\"36.96px\" class=\"fusion-responsive-typography-calculated\">9. rights of the data subjects<\/h3>\n<p>Tienes derecho de acceso, rectificaci\u00f3n, supresi\u00f3n, limitaci\u00f3n del tratamiento y portabilidad de los datos, as\u00ed como derecho a presentar una reclamaci\u00f3n ante una autoridad de control. Para ello, dir\u00edgete a: <a href=\"mailto:fredericwandres@icloud.com\">fredericwandres@icloud.com<\/a> <\/p>\n<h3 data-fontsize=\"28\" style=\"--fontSize: 28; line-height: 1.32;\" data-lineheight=\"36.96px\" class=\"fusion-responsive-typography-calculated\">10. changes<\/h3>\n<p>We reserve the right to amend this privacy policy at any time to ensure that it always complies with current legal requirements.<\/p>\n<\/section>\n<p>We use the &#8220;Real Cookie Banner&#8221; consent tool to manage the cookies and similar technologies used (tracking pixels, web beacons, etc.) and related consents. Details on how &#8220;Real Cookie Banner&#8221; works can be found at <a href=\"https:\/\/devowl.io\/de\/rcb\/datenverarbeitung\/\" target=\"_blank\" rel=\"noopener noreferrer\">https:\/\/devowl.io\/de\/rcb\/datenverarbeitung\/.<\/a> <\/p>\n<p>The legal basis for the processing of personal data in this context is Art. 6 para. 1 lit. c GDPR and Art. 6 para. 1 lit. f GDPR. Our legitimate interest is the management of the cookies and similar technologies used and the related consents.     <\/p>\n<p>The provision of personal data is neither contractually required nor necessary for the conclusion of a contract. You are not obliged to provide the personal data. If you do not provide the personal data, we will not be able to manage your consent.  <\/p>\n<\/div><\/div><\/div><\/div><\/div>\n","protected":false},"excerpt":{"rendered":"","protected":false},"author":1,"featured_media":0,"parent":0,"menu_order":0,"comment_status":"closed","ping_status":"open","template":"","meta":{"footnotes":""},"class_list":["post-4367","page","type-page","status-publish","hentry"],"yoast_head":"<!-- This site is optimized with the Yoast SEO plugin v27.4 - https:\/\/yoast.com\/product\/yoast-seo-wordpress\/ -->\n<title>Privacy policy - Fr&eacute;d&eacute;ric Wandres<\/title>\n<meta name=\"robots\" content=\"index, follow, max-snippet:-1, max-image-preview:large, max-video-preview:-1\" \/>\n<link rel=\"canonical\" href=\"https:\/\/frederic-wandres.com\/en\/privacy-policy\/\" \/>\n<meta property=\"og:locale\" content=\"en_US\" \/>\n<meta property=\"og:type\" content=\"article\" \/>\n<meta property=\"og:title\" content=\"Privacy policy - Fr&eacute;d&eacute;ric Wandres\" \/>\n<meta property=\"og:url\" content=\"https:\/\/frederic-wandres.com\/en\/privacy-policy\/\" \/>\n<meta property=\"og:site_name\" content=\"Fr&eacute;d&eacute;ric Wandres\" \/>\n<meta property=\"article:modified_time\" content=\"2025-09-04T10:54:47+00:00\" \/>\n<meta name=\"twitter:card\" content=\"summary_large_image\" \/>\n<meta name=\"twitter:label1\" content=\"Est. reading time\" \/>\n\t<meta name=\"twitter:data1\" content=\"3 minutes\" \/>\n<script type=\"application\/ld+json\" class=\"yoast-schema-graph\">{\"@context\":\"https:\\\/\\\/schema.org\",\"@graph\":[{\"@type\":\"WebPage\",\"@id\":\"https:\\\/\\\/frederic-wandres.com\\\/en\\\/privacy-policy\\\/\",\"url\":\"https:\\\/\\\/frederic-wandres.com\\\/en\\\/privacy-policy\\\/\",\"name\":\"Privacy policy - Fr&eacute;d&eacute;ric Wandres\",\"isPartOf\":{\"@id\":\"https:\\\/\\\/frederic-wandres.com\\\/en\\\/#website\"},\"datePublished\":\"2025-02-21T09:36:35+00:00\",\"dateModified\":\"2025-09-04T10:54:47+00:00\",\"breadcrumb\":{\"@id\":\"https:\\\/\\\/frederic-wandres.com\\\/en\\\/privacy-policy\\\/#breadcrumb\"},\"inLanguage\":\"en-US\",\"potentialAction\":[{\"@type\":\"ReadAction\",\"target\":[\"https:\\\/\\\/frederic-wandres.com\\\/en\\\/privacy-policy\\\/\"]}]},{\"@type\":\"BreadcrumbList\",\"@id\":\"https:\\\/\\\/frederic-wandres.com\\\/en\\\/privacy-policy\\\/#breadcrumb\",\"itemListElement\":[{\"@type\":\"ListItem\",\"position\":1,\"name\":\"Startseite\",\"item\":\"https:\\\/\\\/frederic-wandres.com\\\/en\\\/home\\\/\"},{\"@type\":\"ListItem\",\"position\":2,\"name\":\"Privacy policy\"}]},{\"@type\":\"WebSite\",\"@id\":\"https:\\\/\\\/frederic-wandres.com\\\/en\\\/#website\",\"url\":\"https:\\\/\\\/frederic-wandres.com\\\/en\\\/\",\"name\":\"Fr&eacute;d&eacute;ric Wandres\",\"description\":\"Olympic Team Gold Medalist &amp; Dressage Rider | DREAM THE IMPOSSIBLE DREAM\",\"potentialAction\":[{\"@type\":\"SearchAction\",\"target\":{\"@type\":\"EntryPoint\",\"urlTemplate\":\"https:\\\/\\\/frederic-wandres.com\\\/en\\\/?s={search_term_string}\"},\"query-input\":{\"@type\":\"PropertyValueSpecification\",\"valueRequired\":true,\"valueName\":\"search_term_string\"}}],\"inLanguage\":\"en-US\"}]}<\/script>\n<!-- \/ Yoast SEO plugin. -->","yoast_head_json":{"title":"Privacy policy - Fr&eacute;d&eacute;ric Wandres","robots":{"index":"index","follow":"follow","max-snippet":"max-snippet:-1","max-image-preview":"max-image-preview:large","max-video-preview":"max-video-preview:-1"},"canonical":"https:\/\/frederic-wandres.com\/en\/privacy-policy\/","og_locale":"en_US","og_type":"article","og_title":"Privacy policy - Fr&eacute;d&eacute;ric Wandres","og_url":"https:\/\/frederic-wandres.com\/en\/privacy-policy\/","og_site_name":"Fr&eacute;d&eacute;ric Wandres","article_modified_time":"2025-09-04T10:54:47+00:00","twitter_card":"summary_large_image","twitter_misc":{"Est. reading time":"3 minutes"},"schema":{"@context":"https:\/\/schema.org","@graph":[{"@type":"WebPage","@id":"https:\/\/frederic-wandres.com\/en\/privacy-policy\/","url":"https:\/\/frederic-wandres.com\/en\/privacy-policy\/","name":"Privacy policy - Fr&eacute;d&eacute;ric Wandres","isPartOf":{"@id":"https:\/\/frederic-wandres.com\/en\/#website"},"datePublished":"2025-02-21T09:36:35+00:00","dateModified":"2025-09-04T10:54:47+00:00","breadcrumb":{"@id":"https:\/\/frederic-wandres.com\/en\/privacy-policy\/#breadcrumb"},"inLanguage":"en-US","potentialAction":[{"@type":"ReadAction","target":["https:\/\/frederic-wandres.com\/en\/privacy-policy\/"]}]},{"@type":"BreadcrumbList","@id":"https:\/\/frederic-wandres.com\/en\/privacy-policy\/#breadcrumb","itemListElement":[{"@type":"ListItem","position":1,"name":"Startseite","item":"https:\/\/frederic-wandres.com\/en\/home\/"},{"@type":"ListItem","position":2,"name":"Privacy policy"}]},{"@type":"WebSite","@id":"https:\/\/frederic-wandres.com\/en\/#website","url":"https:\/\/frederic-wandres.com\/en\/","name":"Fr&eacute;d&eacute;ric Wandres","description":"Olympic Team Gold Medalist &amp; Dressage Rider | DREAM THE IMPOSSIBLE DREAM","potentialAction":[{"@type":"SearchAction","target":{"@type":"EntryPoint","urlTemplate":"https:\/\/frederic-wandres.com\/en\/?s={search_term_string}"},"query-input":{"@type":"PropertyValueSpecification","valueRequired":true,"valueName":"search_term_string"}}],"inLanguage":"en-US"}]}},"_links":{"self":[{"href":"https:\/\/frederic-wandres.com\/en\/wp-json\/wp\/v2\/pages\/4367","targetHints":{"allow":["GET"]}}],"collection":[{"href":"https:\/\/frederic-wandres.com\/en\/wp-json\/wp\/v2\/pages"}],"about":[{"href":"https:\/\/frederic-wandres.com\/en\/wp-json\/wp\/v2\/types\/page"}],"author":[{"embeddable":true,"href":"https:\/\/frederic-wandres.com\/en\/wp-json\/wp\/v2\/users\/1"}],"replies":[{"embeddable":true,"href":"https:\/\/frederic-wandres.com\/en\/wp-json\/wp\/v2\/comments?post=4367"}],"version-history":[{"count":3,"href":"https:\/\/frederic-wandres.com\/en\/wp-json\/wp\/v2\/pages\/4367\/revisions"}],"predecessor-version":[{"id":4892,"href":"https:\/\/frederic-wandres.com\/en\/wp-json\/wp\/v2\/pages\/4367\/revisions\/4892"}],"wp:attachment":[{"href":"https:\/\/frederic-wandres.com\/en\/wp-json\/wp\/v2\/media?parent=4367"}],"curies":[{"name":"wp","href":"https:\/\/api.w.org\/{rel}","templated":true}]}}